{"id":6170,"date":"2021-09-24T09:41:36","date_gmt":"2021-09-24T07:41:36","guid":{"rendered":"https:\/\/gregoirmotorbikes.be\/bikers-beakfast-bar-heritage-road-30-09\/"},"modified":"2021-09-29T15:38:45","modified_gmt":"2021-09-29T13:38:45","slug":"bikers-breakfast-bar-heritage-road","status":"publish","type":"page","link":"https:\/\/gregoirmotorbikes.be\/fr\/bikers-breakfast-bar-heritage-road\/","title":{"rendered":"Bikers Breakfast Bar &amp; Heritage road : 09\/10"},"content":{"rendered":"\t\t<div data-elementor-type=\"wp-page\" data-elementor-id=\"6170\" class=\"elementor elementor-6170 elementor-6164\" data-elementor-settings=\"{&quot;ha_cmc_init_switcher&quot;:&quot;no&quot;}\" data-elementor-post-type=\"page\">\n\t\t\t\t\t\t<section class=\"elementor-section elementor-top-section elementor-element elementor-element-d36fa02 elementor-section-stretched elementor-section-full_width elementor-section-height-min-height elementor-section-height-default elementor-section-items-middle\" data-id=\"d36fa02\" data-element_type=\"section\" data-e-type=\"section\" data-settings=\"{&quot;stretch_section&quot;:&quot;section-stretched&quot;,&quot;background_background&quot;:&quot;classic&quot;,&quot;_ha_eqh_enable&quot;:false}\">\n\t\t\t\t\t\t<div class=\"elementor-container elementor-column-gap-default\">\n\t\t\t\t\t<div class=\"elementor-column elementor-col-100 elementor-top-column elementor-element elementor-element-15150e9\" data-id=\"15150e9\" data-element_type=\"column\" data-e-type=\"column\">\n\t\t\t<div class=\"elementor-widget-wrap\">\n\t\t\t\t\t\t\t<\/div>\n\t\t<\/div>\n\t\t\t\t\t<\/div>\n\t\t<\/section>\n\t\t\t\t<section class=\"elementor-section elementor-top-section elementor-element elementor-element-1a20776 elementor-section-stretched elementor-section-boxed elementor-section-height-default elementor-section-height-default\" data-id=\"1a20776\" data-element_type=\"section\" data-e-type=\"section\" data-settings=\"{&quot;stretch_section&quot;:&quot;section-stretched&quot;,&quot;_ha_eqh_enable&quot;:false}\">\n\t\t\t\t\t\t<div class=\"elementor-container elementor-column-gap-default\">\n\t\t\t\t\t<div class=\"elementor-column elementor-col-50 elementor-top-column elementor-element elementor-element-f82f98b\" data-id=\"f82f98b\" data-element_type=\"column\" data-e-type=\"column\" data-settings=\"{&quot;background_background&quot;:&quot;classic&quot;}\">\n\t\t\t<div class=\"elementor-widget-wrap elementor-element-populated\">\n\t\t\t\t\t\t<div class=\"elementor-element elementor-element-a129c48 elementor-align-right elementor-widget elementor-widget-global elementor-global-729 elementor-widget-breadcrumbs\" data-id=\"a129c48\" data-element_type=\"widget\" data-e-type=\"widget\" data-widget_type=\"breadcrumbs.default\">\n\t\t\t\t\t<p id=\"breadcrumbs\"><span><span><a href=\"https:\/\/gregoirmotorbikes.be\/fr\/\">Home<\/a><\/span><\/span><\/p>\t\t\t\t<\/div>\n\t\t\t\t<section class=\"elementor-section elementor-inner-section elementor-element elementor-element-533fd41 elementor-section-boxed elementor-section-height-default elementor-section-height-default\" data-id=\"533fd41\" data-element_type=\"section\" data-e-type=\"section\" data-settings=\"{&quot;_ha_eqh_enable&quot;:false}\">\n\t\t\t\t\t\t<div class=\"elementor-container elementor-column-gap-default\">\n\t\t\t\t\t<div class=\"elementor-column elementor-col-100 elementor-inner-column elementor-element elementor-element-dfef18b\" data-id=\"dfef18b\" data-element_type=\"column\" data-e-type=\"column\" data-settings=\"{&quot;background_background&quot;:&quot;classic&quot;}\">\n\t\t\t<div class=\"elementor-widget-wrap elementor-element-populated\">\n\t\t\t\t\t\t<div class=\"elementor-element elementor-element-f0663a3 elementor-widget elementor-widget-heading\" data-id=\"f0663a3\" data-element_type=\"widget\" data-e-type=\"widget\" data-widget_type=\"heading.default\">\n\t\t\t\t\t<h1 class=\"elementor-heading-title elementor-size-default\">Bikers Breakfast Bar &amp; Heritage road : 09\/10<\/h1>\t\t\t\t<\/div>\n\t\t\t\t\t<\/div>\n\t\t<\/div>\n\t\t\t\t\t<\/div>\n\t\t<\/section>\n\t\t\t\t\t<\/div>\n\t\t<\/div>\n\t\t\t\t<div class=\"elementor-column elementor-col-50 elementor-top-column elementor-element elementor-element-66c3b5a\" data-id=\"66c3b5a\" data-element_type=\"column\" data-e-type=\"column\" data-settings=\"{&quot;background_background&quot;:&quot;classic&quot;}\">\n\t\t\t<div class=\"elementor-widget-wrap elementor-element-populated\">\n\t\t\t\t\t\t<div class=\"elementor-element elementor-element-9310a89 elementor-widget elementor-widget-global elementor-global-1243 elementor-global-540 elementor-widget-text-editor\" data-id=\"9310a89\" data-element_type=\"widget\" data-e-type=\"widget\" data-widget_type=\"text-editor.default\">\n\t\t\t\t\t\t\t\t\t<h4><strong>GREGOIR MOTORBIKES.<\/strong><\/h4><p>Laarbeeklaan 17<br \/>1090 Jette<br \/>Entr\u00e9e : Avenue de l&#8217;Exposition 317<\/p><p>T\u00e9l\u00e9phone: <span style=\"color: #0062ff;\"><a style=\"color: #0062ff;\" href=\"tel:+32%202%20669%2074%2074\">+ 32 2 669 74 74<\/a><\/span><br \/>Email: <span style=\"color: #0062ff;\"><a style=\"color: #0062ff;\" href=\"mailto:info.motorrad@gregoir.net.bmw.be\">info.motorrad@gregoir.net.bmw.be<\/a><\/span><\/p>\t\t\t\t\t\t\t\t<\/div>\n\t\t\t\t<div class=\"elementor-element elementor-element-4dd65d9 elementor-shape-circle e-grid-align-left e-grid-align-tablet-center elementor-grid-0 elementor-widget elementor-widget-global elementor-global-543 elementor-widget-social-icons\" data-id=\"4dd65d9\" data-element_type=\"widget\" data-e-type=\"widget\" data-widget_type=\"social-icons.default\">\n\t\t\t\t\t\t\t<div class=\"elementor-social-icons-wrapper elementor-grid\" role=\"list\">\n\t\t\t\t\t\t\t<span class=\"elementor-grid-item\" role=\"listitem\">\n\t\t\t\t\t<a class=\"elementor-icon elementor-social-icon elementor-social-icon-facebook-f elementor-repeater-item-957d698\" href=\"https:\/\/www.facebook.com\/Gregoir.Motorbikes\/\" target=\"_blank\">\n\t\t\t\t\t\t<span class=\"elementor-screen-only\">Facebook-f<\/span>\n\t\t\t\t\t\t<svg aria-hidden=\"true\" class=\"e-font-icon-svg e-fab-facebook-f\" viewBox=\"0 0 320 512\" xmlns=\"http:\/\/www.w3.org\/2000\/svg\"><path d=\"M279.14 288l14.22-92.66h-88.91v-60.13c0-25.35 12.42-50.06 52.24-50.06h40.42V6.26S260.43 0 225.36 0c-73.22 0-121.08 44.38-121.08 124.72v70.62H22.89V288h81.39v224h100.17V288z\"><\/path><\/svg>\t\t\t\t\t<\/a>\n\t\t\t\t<\/span>\n\t\t\t\t\t\t\t<span class=\"elementor-grid-item\" role=\"listitem\">\n\t\t\t\t\t<a class=\"elementor-icon elementor-social-icon elementor-social-icon-linkedin-in elementor-repeater-item-f68d8bb\" href=\"https:\/\/www.linkedin.com\/company\/bmw-gregoir\/\" target=\"_blank\">\n\t\t\t\t\t\t<span class=\"elementor-screen-only\">Linkedin-in<\/span>\n\t\t\t\t\t\t<svg aria-hidden=\"true\" class=\"e-font-icon-svg e-fab-linkedin-in\" viewBox=\"0 0 448 512\" xmlns=\"http:\/\/www.w3.org\/2000\/svg\"><path d=\"M100.28 448H7.4V148.9h92.88zM53.79 108.1C24.09 108.1 0 83.5 0 53.8a53.79 53.79 0 0 1 107.58 0c0 29.7-24.1 54.3-53.79 54.3zM447.9 448h-92.68V302.4c0-34.7-.7-79.2-48.29-79.2-48.29 0-55.69 37.7-55.69 76.7V448h-92.78V148.9h89.08v40.8h1.3c12.4-23.5 42.69-48.3 87.88-48.3 94 0 111.28 61.9 111.28 142.3V448z\"><\/path><\/svg>\t\t\t\t\t<\/a>\n\t\t\t\t<\/span>\n\t\t\t\t\t\t\t<span class=\"elementor-grid-item\" role=\"listitem\">\n\t\t\t\t\t<a class=\"elementor-icon elementor-social-icon elementor-social-icon-instagram elementor-repeater-item-fee098b\" href=\"https:\/\/www.instagram.com\/gregoirmotorbikes\/\" target=\"_blank\">\n\t\t\t\t\t\t<span class=\"elementor-screen-only\">Instagram<\/span>\n\t\t\t\t\t\t<svg aria-hidden=\"true\" class=\"e-font-icon-svg e-fab-instagram\" viewBox=\"0 0 448 512\" xmlns=\"http:\/\/www.w3.org\/2000\/svg\"><path d=\"M224.1 141c-63.6 0-114.9 51.3-114.9 114.9s51.3 114.9 114.9 114.9S339 319.5 339 255.9 287.7 141 224.1 141zm0 189.6c-41.1 0-74.7-33.5-74.7-74.7s33.5-74.7 74.7-74.7 74.7 33.5 74.7 74.7-33.6 74.7-74.7 74.7zm146.4-194.3c0 14.9-12 26.8-26.8 26.8-14.9 0-26.8-12-26.8-26.8s12-26.8 26.8-26.8 26.8 12 26.8 26.8zm76.1 27.2c-1.7-35.9-9.9-67.7-36.2-93.9-26.2-26.2-58-34.4-93.9-36.2-37-2.1-147.9-2.1-184.9 0-35.8 1.7-67.6 9.9-93.9 36.1s-34.4 58-36.2 93.9c-2.1 37-2.1 147.9 0 184.9 1.7 35.9 9.9 67.7 36.2 93.9s58 34.4 93.9 36.2c37 2.1 147.9 2.1 184.9 0 35.9-1.7 67.7-9.9 93.9-36.2 26.2-26.2 34.4-58 36.2-93.9 2.1-37 2.1-147.8 0-184.8zM398.8 388c-7.8 19.6-22.9 34.7-42.6 42.6-29.5 11.7-99.5 9-132.1 9s-102.7 2.6-132.1-9c-19.6-7.8-34.7-22.9-42.6-42.6-11.7-29.5-9-99.5-9-132.1s-2.6-102.7 9-132.1c7.8-19.6 22.9-34.7 42.6-42.6 29.5-11.7 99.5-9 132.1-9s102.7-2.6 132.1 9c19.6 7.8 34.7 22.9 42.6 42.6 11.7 29.5 9 99.5 9 132.1s2.7 102.7-9 132.1z\"><\/path><\/svg>\t\t\t\t\t<\/a>\n\t\t\t\t<\/span>\n\t\t\t\t\t<\/div>\n\t\t\t\t\t\t<\/div>\n\t\t\t\t\t<\/div>\n\t\t<\/div>\n\t\t\t\t\t<\/div>\n\t\t<\/section>\n\t\t\t\t<\/div>\n\t\t","protected":false},"excerpt":{"rendered":"<p>Bikers Breakfast Bar &amp; Heritage road : 09\/10 Bikers breakfast bar Pr\u00e9nom(Vereist) Nom(Vereist) Num\u00e9ro de t\u00e9l\u00e9phone(Vereist)Adresse e-mail(Vereist) Inscription pour le Bikers Breakfast Bar:(Vereist) Oui Non Inscription pour le Heritage Road:(Vereist) Oui Non Keuze 14 uur 15 uur GDPR En utilisant ce formulaire, vous acceptez le stockage et le traitement de vos donn\u00e9es via ce site. [&hellip;]<\/p>\n","protected":false},"author":2,"featured_media":0,"parent":0,"menu_order":0,"comment_status":"closed","ping_status":"closed","template":"","meta":{"footnotes":""},"class_list":["post-6170","page","type-page","status-publish","hentry"],"yoast_head":"<!-- This site is optimized with the Yoast SEO plugin v27.5 - https:\/\/yoast.com\/product\/yoast-seo-wordpress\/ -->\n<title>Bikers Breakfast Bar &amp; Heritage road : 09\/10 - Gregoir Motorbikes.<\/title>\n<meta name=\"robots\" content=\"index, follow, max-snippet:-1, max-image-preview:large, max-video-preview:-1\" \/>\n<link rel=\"canonical\" href=\"https:\/\/gregoirmotorbikes.be\/fr\/bikers-breakfast-bar-heritage-road\/\" \/>\n<meta property=\"og:locale\" content=\"fr_FR\" \/>\n<meta property=\"og:type\" content=\"article\" \/>\n<meta property=\"og:title\" content=\"Bikers Breakfast Bar &amp; Heritage road : 09\/10 - Gregoir Motorbikes.\" \/>\n<meta property=\"og:description\" content=\"Bikers Breakfast Bar &amp; Heritage road : 09\/10 Bikers breakfast bar Pr\u00e9nom(Vereist) Nom(Vereist) Num\u00e9ro de t\u00e9l\u00e9phone(Vereist)Adresse e-mail(Vereist) Inscription pour le Bikers Breakfast Bar:(Vereist) Oui Non Inscription pour le Heritage Road:(Vereist) Oui Non Keuze 14 uur 15 uur GDPR En utilisant ce formulaire, vous acceptez le stockage et le traitement de vos donn\u00e9es via ce site. [&hellip;]\" \/>\n<meta property=\"og:url\" content=\"https:\/\/gregoirmotorbikes.be\/fr\/bikers-breakfast-bar-heritage-road\/\" \/>\n<meta property=\"og:site_name\" content=\"Gregoir Motorbikes.\" \/>\n<meta property=\"article:modified_time\" content=\"2021-09-29T13:38:45+00:00\" \/>\n<meta name=\"twitter:card\" content=\"summary_large_image\" \/>\n<meta name=\"twitter:label1\" content=\"Dur\u00e9e de lecture estim\u00e9e\" \/>\n\t<meta name=\"twitter:data1\" content=\"1 minute\" \/>\n<script type=\"application\/ld+json\" class=\"yoast-schema-graph\">{\"@context\":\"https:\\\/\\\/schema.org\",\"@graph\":[{\"@type\":\"WebPage\",\"@id\":\"https:\\\/\\\/gregoirmotorbikes.be\\\/fr\\\/bikers-breakfast-bar-heritage-road\\\/\",\"url\":\"https:\\\/\\\/gregoirmotorbikes.be\\\/fr\\\/bikers-breakfast-bar-heritage-road\\\/\",\"name\":\"Bikers Breakfast Bar &amp; Heritage road : 09\\\/10 - Gregoir Motorbikes.\",\"isPartOf\":{\"@id\":\"https:\\\/\\\/gregoirmotorbikes.be\\\/#website\"},\"datePublished\":\"2021-09-24T07:41:36+00:00\",\"dateModified\":\"2021-09-29T13:38:45+00:00\",\"breadcrumb\":{\"@id\":\"https:\\\/\\\/gregoirmotorbikes.be\\\/fr\\\/bikers-breakfast-bar-heritage-road\\\/#breadcrumb\"},\"inLanguage\":\"fr-FR\",\"potentialAction\":[{\"@type\":\"ReadAction\",\"target\":[\"https:\\\/\\\/gregoirmotorbikes.be\\\/fr\\\/bikers-breakfast-bar-heritage-road\\\/\"]}]},{\"@type\":\"BreadcrumbList\",\"@id\":\"https:\\\/\\\/gregoirmotorbikes.be\\\/fr\\\/bikers-breakfast-bar-heritage-road\\\/#breadcrumb\",\"itemListElement\":[{\"@type\":\"ListItem\",\"position\":1,\"name\":\"Home\",\"item\":\"https:\\\/\\\/gregoirmotorbikes.be\\\/fr\\\/\"},{\"@type\":\"ListItem\",\"position\":2,\"name\":\"Bikers Breakfast Bar &amp; Heritage road : 09\\\/10\"}]},{\"@type\":\"WebSite\",\"@id\":\"https:\\\/\\\/gregoirmotorbikes.be\\\/#website\",\"url\":\"https:\\\/\\\/gregoirmotorbikes.be\\\/\",\"name\":\"Gregoir Motorbikes.\",\"description\":\"\",\"potentialAction\":[{\"@type\":\"SearchAction\",\"target\":{\"@type\":\"EntryPoint\",\"urlTemplate\":\"https:\\\/\\\/gregoirmotorbikes.be\\\/?s={search_term_string}\"},\"query-input\":{\"@type\":\"PropertyValueSpecification\",\"valueRequired\":true,\"valueName\":\"search_term_string\"}}],\"inLanguage\":\"fr-FR\"}]}<\/script>\n<!-- \/ Yoast SEO plugin. -->","yoast_head_json":{"title":"Bikers Breakfast Bar &amp; Heritage road : 09\/10 - Gregoir Motorbikes.","robots":{"index":"index","follow":"follow","max-snippet":"max-snippet:-1","max-image-preview":"max-image-preview:large","max-video-preview":"max-video-preview:-1"},"canonical":"https:\/\/gregoirmotorbikes.be\/fr\/bikers-breakfast-bar-heritage-road\/","og_locale":"fr_FR","og_type":"article","og_title":"Bikers Breakfast Bar &amp; Heritage road : 09\/10 - Gregoir Motorbikes.","og_description":"Bikers Breakfast Bar &amp; Heritage road : 09\/10 Bikers breakfast bar Pr\u00e9nom(Vereist) Nom(Vereist) Num\u00e9ro de t\u00e9l\u00e9phone(Vereist)Adresse e-mail(Vereist) Inscription pour le Bikers Breakfast Bar:(Vereist) Oui Non Inscription pour le Heritage Road:(Vereist) Oui Non Keuze 14 uur 15 uur GDPR En utilisant ce formulaire, vous acceptez le stockage et le traitement de vos donn\u00e9es via ce site. [&hellip;]","og_url":"https:\/\/gregoirmotorbikes.be\/fr\/bikers-breakfast-bar-heritage-road\/","og_site_name":"Gregoir Motorbikes.","article_modified_time":"2021-09-29T13:38:45+00:00","twitter_card":"summary_large_image","twitter_misc":{"Dur\u00e9e de lecture estim\u00e9e":"1 minute"},"schema":{"@context":"https:\/\/schema.org","@graph":[{"@type":"WebPage","@id":"https:\/\/gregoirmotorbikes.be\/fr\/bikers-breakfast-bar-heritage-road\/","url":"https:\/\/gregoirmotorbikes.be\/fr\/bikers-breakfast-bar-heritage-road\/","name":"Bikers Breakfast Bar &amp; Heritage road : 09\/10 - Gregoir Motorbikes.","isPartOf":{"@id":"https:\/\/gregoirmotorbikes.be\/#website"},"datePublished":"2021-09-24T07:41:36+00:00","dateModified":"2021-09-29T13:38:45+00:00","breadcrumb":{"@id":"https:\/\/gregoirmotorbikes.be\/fr\/bikers-breakfast-bar-heritage-road\/#breadcrumb"},"inLanguage":"fr-FR","potentialAction":[{"@type":"ReadAction","target":["https:\/\/gregoirmotorbikes.be\/fr\/bikers-breakfast-bar-heritage-road\/"]}]},{"@type":"BreadcrumbList","@id":"https:\/\/gregoirmotorbikes.be\/fr\/bikers-breakfast-bar-heritage-road\/#breadcrumb","itemListElement":[{"@type":"ListItem","position":1,"name":"Home","item":"https:\/\/gregoirmotorbikes.be\/fr\/"},{"@type":"ListItem","position":2,"name":"Bikers Breakfast Bar &amp; Heritage road : 09\/10"}]},{"@type":"WebSite","@id":"https:\/\/gregoirmotorbikes.be\/#website","url":"https:\/\/gregoirmotorbikes.be\/","name":"Gregoir Motorbikes.","description":"","potentialAction":[{"@type":"SearchAction","target":{"@type":"EntryPoint","urlTemplate":"https:\/\/gregoirmotorbikes.be\/?s={search_term_string}"},"query-input":{"@type":"PropertyValueSpecification","valueRequired":true,"valueName":"search_term_string"}}],"inLanguage":"fr-FR"}]}},"_links":{"self":[{"href":"https:\/\/gregoirmotorbikes.be\/fr\/wp-json\/wp\/v2\/pages\/6170","targetHints":{"allow":["GET"]}}],"collection":[{"href":"https:\/\/gregoirmotorbikes.be\/fr\/wp-json\/wp\/v2\/pages"}],"about":[{"href":"https:\/\/gregoirmotorbikes.be\/fr\/wp-json\/wp\/v2\/types\/page"}],"author":[{"embeddable":true,"href":"https:\/\/gregoirmotorbikes.be\/fr\/wp-json\/wp\/v2\/users\/2"}],"replies":[{"embeddable":true,"href":"https:\/\/gregoirmotorbikes.be\/fr\/wp-json\/wp\/v2\/comments?post=6170"}],"version-history":[{"count":3,"href":"https:\/\/gregoirmotorbikes.be\/fr\/wp-json\/wp\/v2\/pages\/6170\/revisions"}],"predecessor-version":[{"id":6205,"href":"https:\/\/gregoirmotorbikes.be\/fr\/wp-json\/wp\/v2\/pages\/6170\/revisions\/6205"}],"wp:attachment":[{"href":"https:\/\/gregoirmotorbikes.be\/fr\/wp-json\/wp\/v2\/media?parent=6170"}],"curies":[{"name":"wp","href":"https:\/\/api.w.org\/{rel}","templated":true}]}}