{"id":1228,"date":"2019-01-18T08:54:10","date_gmt":"2019-01-18T08:54:10","guid":{"rendered":"https:\/\/gregoirmotorbikes.be\/moteurs-de-stock\/"},"modified":"2020-10-14T20:02:22","modified_gmt":"2020-10-14T18:02:22","slug":"motos-de-stock","status":"publish","type":"page","link":"https:\/\/gregoirmotorbikes.be\/fr\/motos\/motos-de-stock\/","title":{"rendered":"Motos de stock"},"content":{"rendered":"\t\t<div data-elementor-type=\"wp-page\" data-elementor-id=\"1228\" class=\"elementor elementor-1228 elementor-232\" data-elementor-settings=\"{&quot;ha_cmc_init_switcher&quot;:&quot;no&quot;}\" data-elementor-post-type=\"page\">\n\t\t\t\t\t\t<section class=\"elementor-section elementor-top-section elementor-element elementor-element-285881a elementor-section-boxed elementor-section-height-default elementor-section-height-default\" data-id=\"285881a\" data-element_type=\"section\" data-e-type=\"section\" data-settings=\"{&quot;_ha_eqh_enable&quot;:false}\">\n\t\t\t\t\t\t<div class=\"elementor-container elementor-column-gap-default\">\n\t\t\t\t\t<div class=\"elementor-column elementor-col-100 elementor-top-column elementor-element elementor-element-942997b\" data-id=\"942997b\" data-element_type=\"column\" data-e-type=\"column\">\n\t\t\t<div class=\"elementor-widget-wrap elementor-element-populated\">\n\t\t\t\t\t\t<div class=\"elementor-element elementor-element-2fb4552 black elementor-widget elementor-widget-heading\" data-id=\"2fb4552\" data-element_type=\"widget\" data-e-type=\"widget\" data-widget_type=\"heading.default\">\n\t\t\t\t\t<h2 class=\"elementor-heading-title elementor-size-default\">BMW MOTORRAD APER\u00c7U DES STOCKS.<\/h2>\t\t\t\t<\/div>\n\t\t\t\t<div class=\"elementor-element elementor-element-7160939 elementor-widget-divider--view-line elementor-widget elementor-widget-divider\" data-id=\"7160939\" data-element_type=\"widget\" data-e-type=\"widget\" data-widget_type=\"divider.default\">\n\t\t\t\t\t\t\t<div class=\"elementor-divider\">\n\t\t\t<span class=\"elementor-divider-separator\">\n\t\t\t\t\t\t<\/span>\n\t\t<\/div>\n\t\t\t\t\t\t<\/div>\n\t\t\t\t<div class=\"elementor-element elementor-element-fd0bdb4 black elementor-widget elementor-widget-heading\" data-id=\"fd0bdb4\" data-element_type=\"widget\" data-e-type=\"widget\" data-widget_type=\"heading.default\">\n\t\t\t\t\t<h2 class=\"elementor-heading-title elementor-size-default\">Trouvez votre moto BMW Motorrad.<\/h2>\t\t\t\t<\/div>\n\t\t\t\t<div class=\"elementor-element elementor-element-66383dd elementor-icon-list--layout-inline elementor-align-center elementor-list-item-link-full_width elementor-widget elementor-widget-icon-list\" data-id=\"66383dd\" data-element_type=\"widget\" data-e-type=\"widget\" data-widget_type=\"icon-list.default\">\n\t\t\t\t\t\t\t<ul class=\"elementor-icon-list-items elementor-inline-items\">\n\t\t\t\t\t\t\t<li class=\"elementor-icon-list-item elementor-inline-item\">\n\t\t\t\t\t\t\t\t\t\t\t<span class=\"elementor-icon-list-icon\">\n\t\t\t\t\t\t\t<svg aria-hidden=\"true\" class=\"e-font-icon-svg e-fas-check\" viewBox=\"0 0 512 512\" xmlns=\"http:\/\/www.w3.org\/2000\/svg\"><path d=\"M173.898 439.404l-166.4-166.4c-9.997-9.997-9.997-26.206 0-36.204l36.203-36.204c9.997-9.998 26.207-9.998 36.204 0L192 312.69 432.095 72.596c9.997-9.997 26.207-9.997 36.204 0l36.203 36.204c9.997 9.997 9.997 26.206 0 36.204l-294.4 294.401c-9.998 9.997-26.207 9.997-36.204-.001z\"><\/path><\/svg>\t\t\t\t\t\t<\/span>\n\t\t\t\t\t\t\t\t\t\t<span class=\"elementor-icon-list-text\">Jamais inscrite <\/span>\n\t\t\t\t\t\t\t\t\t<\/li>\n\t\t\t\t\t\t\t\t<li class=\"elementor-icon-list-item elementor-inline-item\">\n\t\t\t\t\t\t\t\t\t\t\t<span class=\"elementor-icon-list-icon\">\n\t\t\t\t\t\t\t<svg aria-hidden=\"true\" class=\"e-font-icon-svg e-fas-check\" viewBox=\"0 0 512 512\" xmlns=\"http:\/\/www.w3.org\/2000\/svg\"><path d=\"M173.898 439.404l-166.4-166.4c-9.997-9.997-9.997-26.206 0-36.204l36.203-36.204c9.997-9.998 26.207-9.998 36.204 0L192 312.69 432.095 72.596c9.997-9.997 26.207-9.997 36.204 0l36.203 36.204c9.997 9.997 9.997 26.206 0 36.204l-294.4 294.401c-9.998 9.997-26.207 9.997-36.204-.001z\"><\/path><\/svg>\t\t\t\t\t\t<\/span>\n\t\t\t\t\t\t\t\t\t\t<span class=\"elementor-icon-list-text\">0 km au compteur<\/span>\n\t\t\t\t\t\t\t\t\t<\/li>\n\t\t\t\t\t\t\t\t<li class=\"elementor-icon-list-item elementor-inline-item\">\n\t\t\t\t\t\t\t\t\t\t\t<span class=\"elementor-icon-list-icon\">\n\t\t\t\t\t\t\t<svg aria-hidden=\"true\" class=\"e-font-icon-svg e-fas-check\" viewBox=\"0 0 512 512\" xmlns=\"http:\/\/www.w3.org\/2000\/svg\"><path d=\"M173.898 439.404l-166.4-166.4c-9.997-9.997-9.997-26.206 0-36.204l36.203-36.204c9.997-9.998 26.207-9.998 36.204 0L192 312.69 432.095 72.596c9.997-9.997 26.207-9.997 36.204 0l36.203 36.204c9.997 9.997 9.997 26.206 0 36.204l-294.4 294.401c-9.998 9.997-26.207 9.997-36.204-.001z\"><\/path><\/svg>\t\t\t\t\t\t<\/span>\n\t\t\t\t\t\t\t\t\t\t<span class=\"elementor-icon-list-text\">Imm\u00e9diatement disponible<\/span>\n\t\t\t\t\t\t\t\t\t<\/li>\n\t\t\t\t\t\t\t\t<li class=\"elementor-icon-list-item elementor-inline-item\">\n\t\t\t\t\t\t\t\t\t\t\t<span class=\"elementor-icon-list-icon\">\n\t\t\t\t\t\t\t<svg aria-hidden=\"true\" class=\"e-font-icon-svg e-fas-check\" viewBox=\"0 0 512 512\" xmlns=\"http:\/\/www.w3.org\/2000\/svg\"><path d=\"M173.898 439.404l-166.4-166.4c-9.997-9.997-9.997-26.206 0-36.204l36.203-36.204c9.997-9.998 26.207-9.998 36.204 0L192 312.69 432.095 72.596c9.997-9.997 26.207-9.997 36.204 0l36.203 36.204c9.997 9.997 9.997 26.206 0 36.204l-294.4 294.401c-9.998 9.997-26.207 9.997-36.204-.001z\"><\/path><\/svg>\t\t\t\t\t\t<\/span>\n\t\t\t\t\t\t\t\t\t\t<span class=\"elementor-icon-list-text\">Possibilit\u00e9 de financement pour particuliers et professionnels <\/span>\n\t\t\t\t\t\t\t\t\t<\/li>\n\t\t\t\t\t\t\t\t<li class=\"elementor-icon-list-item elementor-inline-item\">\n\t\t\t\t\t\t\t\t\t\t\t<span class=\"elementor-icon-list-icon\">\n\t\t\t\t\t\t\t<svg aria-hidden=\"true\" class=\"e-font-icon-svg e-fas-check\" viewBox=\"0 0 512 512\" xmlns=\"http:\/\/www.w3.org\/2000\/svg\"><path d=\"M173.898 439.404l-166.4-166.4c-9.997-9.997-9.997-26.206 0-36.204l36.203-36.204c9.997-9.998 26.207-9.998 36.204 0L192 312.69 432.095 72.596c9.997-9.997 26.207-9.997 36.204 0l36.203 36.204c9.997 9.997 9.997 26.206 0 36.204l-294.4 294.401c-9.998 9.997-26.207 9.997-36.204-.001z\"><\/path><\/svg>\t\t\t\t\t\t<\/span>\n\t\t\t\t\t\t\t\t\t\t<span class=\"elementor-icon-list-text\">TVA d\u00e9ductible<\/span>\n\t\t\t\t\t\t\t\t\t<\/li>\n\t\t\t\t\t\t\t\t<li class=\"elementor-icon-list-item elementor-inline-item\">\n\t\t\t\t\t\t\t\t\t\t\t<span class=\"elementor-icon-list-icon\">\n\t\t\t\t\t\t\t<svg aria-hidden=\"true\" class=\"e-font-icon-svg e-fas-check\" viewBox=\"0 0 512 512\" xmlns=\"http:\/\/www.w3.org\/2000\/svg\"><path d=\"M173.898 439.404l-166.4-166.4c-9.997-9.997-9.997-26.206 0-36.204l36.203-36.204c9.997-9.998 26.207-9.998 36.204 0L192 312.69 432.095 72.596c9.997-9.997 26.207-9.997 36.204 0l36.203 36.204c9.997 9.997 9.997 26.206 0 36.204l-294.4 294.401c-9.998 9.997-26.207 9.997-36.204-.001z\"><\/path><\/svg>\t\t\t\t\t\t<\/span>\n\t\t\t\t\t\t\t\t\t\t<span class=\"elementor-icon-list-text\">Demandez une offre sans obligation et profitez des actions du moment <\/span>\n\t\t\t\t\t\t\t\t\t<\/li>\n\t\t\t\t\t\t<\/ul>\n\t\t\t\t\t\t<\/div>\n\t\t\t\t\t<\/div>\n\t\t<\/div>\n\t\t\t\t\t<\/div>\n\t\t<\/section>\n\t\t\t\t<section class=\"elementor-section elementor-top-section elementor-element elementor-element-ee45888 elementor-section-stretched elementor-section-boxed elementor-section-height-default elementor-section-height-default\" data-id=\"ee45888\" data-element_type=\"section\" data-e-type=\"section\" data-settings=\"{&quot;stretch_section&quot;:&quot;section-stretched&quot;,&quot;background_background&quot;:&quot;classic&quot;,&quot;_ha_eqh_enable&quot;:false}\">\n\t\t\t\t\t\t<div class=\"elementor-container elementor-column-gap-default\">\n\t\t\t\t\t<div class=\"elementor-column elementor-col-100 elementor-top-column elementor-element elementor-element-fc5a0fd\" data-id=\"fc5a0fd\" data-element_type=\"column\" data-e-type=\"column\">\n\t\t\t<div class=\"elementor-widget-wrap elementor-element-populated\">\n\t\t\t\t\t\t<div class=\"elementor-element elementor-element-3c383e5 elementor-widget elementor-widget-toolset-view\" data-id=\"3c383e5\" data-element_type=\"widget\" data-e-type=\"widget\" data-widget_type=\"toolset-view.default\">\n\t\t\t\t<div class=\"elementor-widget-container\">\n\t\t\t\t\t\n\n\n<div id=\"wpv-view-layout-4213\" class=\"js-wpv-view-layout js-wpv-layout-responsive js-wpv-view-layout-4213\" data-viewnumber=\"4213\" data-pagination=\"{&quot;id&quot;:4213,&quot;query&quot;:&quot;normal&quot;,&quot;type&quot;:&quot;disabled&quot;,&quot;effect&quot;:&quot;fade&quot;,&quot;duration&quot;:500,&quot;speed&quot;:5,&quot;pause_on_hover&quot;:&quot;disabled&quot;,&quot;stop_rollover&quot;:&quot;false&quot;,&quot;cache_pages&quot;:&quot;enabled&quot;,&quot;preload_images&quot;:&quot;enabled&quot;,&quot;preload_pages&quot;:&quot;enabled&quot;,&quot;preload_reach&quot;:1,&quot;spinner&quot;:&quot;builtin&quot;,&quot;spinner_image&quot;:&quot;https:\/\/gregoirmotorbikes-109ad.kxcdn.com\/wp-content\/plugins\/wp-views\/embedded\/res\/img\/ajax-loader.gif&quot;,&quot;callback_next&quot;:&quot;&quot;,&quot;manage_history&quot;:&quot;enabled&quot;,&quot;has_controls_in_form&quot;:&quot;disabled&quot;,&quot;infinite_tolerance&quot;:&quot;0&quot;,&quot;max_pages&quot;:0,&quot;page&quot;:1,&quot;base_permalink&quot;:&quot;\/fr\/wp-json\/wp\/v2\/pages\/1228?wpv_view_count=4213&amp;wpv_paged=WPV_PAGE_NUM&quot;,&quot;loop&quot;:{&quot;type&quot;:&quot;&quot;,&quot;name&quot;:&quot;&quot;,&quot;data&quot;:[],&quot;id&quot;:0}}\" data-permalink=\"\/fr\/wp-json\/wp\/v2\/pages\/1228?wpv_view_count=4213\">\n\n\t\n\t\n\t\t<strong>Niets gevonden<\/strong>\n\t\n<\/div>\n\t\t\t\t<\/div>\n\t\t\t\t<\/div>\n\t\t\t\t\t<\/div>\n\t\t<\/div>\n\t\t\t\t\t<\/div>\n\t\t<\/section>\n\t\t\t\t<\/div>\n\t\t","protected":false},"excerpt":{"rendered":"<p>BMW MOTORRAD APER\u00c7U DES STOCKS. Trouvez votre moto BMW Motorrad. Jamais inscrite 0 km au compteur Imm\u00e9diatement disponible Possibilit\u00e9 de financement pour particuliers et professionnels TVA d\u00e9ductible Demandez une offre sans obligation et profitez des actions du moment BMW C 400 GT \u20ac 8.804 BMW C 400 X \u20ac 8.989 BMW C 400 X \u20ac [&hellip;]<\/p>\n","protected":false},"author":1,"featured_media":0,"parent":1230,"menu_order":0,"comment_status":"closed","ping_status":"closed","template":"","meta":{"footnotes":""},"class_list":["post-1228","page","type-page","status-publish","hentry"],"yoast_head":"<!-- This site is optimized with the Yoast SEO plugin v27.4 - https:\/\/yoast.com\/product\/yoast-seo-wordpress\/ -->\n<title>Motos de stock - Gregoir Motorbikes.<\/title>\n<meta name=\"robots\" content=\"index, follow, max-snippet:-1, max-image-preview:large, max-video-preview:-1\" \/>\n<link rel=\"canonical\" href=\"https:\/\/gregoirmotorbikes.be\/fr\/motos\/motos-de-stock\/\" \/>\n<meta property=\"og:locale\" content=\"fr_FR\" \/>\n<meta property=\"og:type\" content=\"article\" \/>\n<meta property=\"og:title\" content=\"Motos de stock - Gregoir Motorbikes.\" \/>\n<meta property=\"og:description\" content=\"BMW MOTORRAD APER\u00c7U DES STOCKS. Trouvez votre moto BMW Motorrad. Jamais inscrite 0 km au compteur Imm\u00e9diatement disponible Possibilit\u00e9 de financement pour particuliers et professionnels TVA d\u00e9ductible Demandez une offre sans obligation et profitez des actions du moment BMW C 400 GT \u20ac 8.804 BMW C 400 X \u20ac 8.989 BMW C 400 X \u20ac [&hellip;]\" \/>\n<meta property=\"og:url\" content=\"https:\/\/gregoirmotorbikes.be\/fr\/motos\/motos-de-stock\/\" \/>\n<meta property=\"og:site_name\" content=\"Gregoir Motorbikes.\" \/>\n<meta property=\"article:modified_time\" content=\"2020-10-14T18:02:22+00:00\" \/>\n<meta property=\"og:image\" content=\"https:\/\/gregoirmotorbikes-109ad.kxcdn.com\/wp-content\/uploads\/2020\/04\/foto-20-300x237.png\" \/>\n<meta name=\"twitter:card\" content=\"summary_large_image\" \/>\n<meta name=\"twitter:label1\" content=\"Dur\u00e9e de lecture estim\u00e9e\" \/>\n\t<meta name=\"twitter:data1\" content=\"1 minute\" \/>\n<script type=\"application\/ld+json\" class=\"yoast-schema-graph\">{\"@context\":\"https:\\\/\\\/schema.org\",\"@graph\":[{\"@type\":\"WebPage\",\"@id\":\"https:\\\/\\\/gregoirmotorbikes.be\\\/fr\\\/motos\\\/motos-de-stock\\\/\",\"url\":\"https:\\\/\\\/gregoirmotorbikes.be\\\/fr\\\/motos\\\/motos-de-stock\\\/\",\"name\":\"Motos de stock - Gregoir Motorbikes.\",\"isPartOf\":{\"@id\":\"https:\\\/\\\/gregoirmotorbikes.be\\\/#website\"},\"primaryImageOfPage\":{\"@id\":\"https:\\\/\\\/gregoirmotorbikes.be\\\/fr\\\/motos\\\/motos-de-stock\\\/#primaryimage\"},\"image\":{\"@id\":\"https:\\\/\\\/gregoirmotorbikes.be\\\/fr\\\/motos\\\/motos-de-stock\\\/#primaryimage\"},\"thumbnailUrl\":\"https:\\\/\\\/gregoirmotorbikes.be\\\/wp-content\\\/uploads\\\/2020\\\/04\\\/foto-20-300x237.png\",\"datePublished\":\"2019-01-18T08:54:10+00:00\",\"dateModified\":\"2020-10-14T18:02:22+00:00\",\"breadcrumb\":{\"@id\":\"https:\\\/\\\/gregoirmotorbikes.be\\\/fr\\\/motos\\\/motos-de-stock\\\/#breadcrumb\"},\"inLanguage\":\"fr-FR\",\"potentialAction\":[{\"@type\":\"ReadAction\",\"target\":[\"https:\\\/\\\/gregoirmotorbikes.be\\\/fr\\\/motos\\\/motos-de-stock\\\/\"]}]},{\"@type\":\"ImageObject\",\"inLanguage\":\"fr-FR\",\"@id\":\"https:\\\/\\\/gregoirmotorbikes.be\\\/fr\\\/motos\\\/motos-de-stock\\\/#primaryimage\",\"url\":\"https:\\\/\\\/gregoirmotorbikes.be\\\/wp-content\\\/uploads\\\/2020\\\/04\\\/foto-20-300x237.png\",\"contentUrl\":\"https:\\\/\\\/gregoirmotorbikes.be\\\/wp-content\\\/uploads\\\/2020\\\/04\\\/foto-20-300x237.png\"},{\"@type\":\"BreadcrumbList\",\"@id\":\"https:\\\/\\\/gregoirmotorbikes.be\\\/fr\\\/motos\\\/motos-de-stock\\\/#breadcrumb\",\"itemListElement\":[{\"@type\":\"ListItem\",\"position\":1,\"name\":\"Home\",\"item\":\"https:\\\/\\\/gregoirmotorbikes.be\\\/fr\\\/\"},{\"@type\":\"ListItem\",\"position\":2,\"name\":\"Motos\",\"item\":\"https:\\\/\\\/gregoirmotorbikes.be\\\/fr\\\/motos\\\/\"},{\"@type\":\"ListItem\",\"position\":3,\"name\":\"Motos de stock\"}]},{\"@type\":\"WebSite\",\"@id\":\"https:\\\/\\\/gregoirmotorbikes.be\\\/#website\",\"url\":\"https:\\\/\\\/gregoirmotorbikes.be\\\/\",\"name\":\"Gregoir Motorbikes.\",\"description\":\"\",\"potentialAction\":[{\"@type\":\"SearchAction\",\"target\":{\"@type\":\"EntryPoint\",\"urlTemplate\":\"https:\\\/\\\/gregoirmotorbikes.be\\\/?s={search_term_string}\"},\"query-input\":{\"@type\":\"PropertyValueSpecification\",\"valueRequired\":true,\"valueName\":\"search_term_string\"}}],\"inLanguage\":\"fr-FR\"}]}<\/script>\n<!-- \/ Yoast SEO plugin. -->","yoast_head_json":{"title":"Motos de stock - Gregoir Motorbikes.","robots":{"index":"index","follow":"follow","max-snippet":"max-snippet:-1","max-image-preview":"max-image-preview:large","max-video-preview":"max-video-preview:-1"},"canonical":"https:\/\/gregoirmotorbikes.be\/fr\/motos\/motos-de-stock\/","og_locale":"fr_FR","og_type":"article","og_title":"Motos de stock - Gregoir Motorbikes.","og_description":"BMW MOTORRAD APER\u00c7U DES STOCKS. Trouvez votre moto BMW Motorrad. Jamais inscrite 0 km au compteur Imm\u00e9diatement disponible Possibilit\u00e9 de financement pour particuliers et professionnels TVA d\u00e9ductible Demandez une offre sans obligation et profitez des actions du moment BMW C 400 GT \u20ac 8.804 BMW C 400 X \u20ac 8.989 BMW C 400 X \u20ac [&hellip;]","og_url":"https:\/\/gregoirmotorbikes.be\/fr\/motos\/motos-de-stock\/","og_site_name":"Gregoir Motorbikes.","article_modified_time":"2020-10-14T18:02:22+00:00","og_image":[{"url":"https:\/\/gregoirmotorbikes-109ad.kxcdn.com\/wp-content\/uploads\/2020\/04\/foto-20-300x237.png","type":"","width":"","height":""}],"twitter_card":"summary_large_image","twitter_misc":{"Dur\u00e9e de lecture estim\u00e9e":"1 minute"},"schema":{"@context":"https:\/\/schema.org","@graph":[{"@type":"WebPage","@id":"https:\/\/gregoirmotorbikes.be\/fr\/motos\/motos-de-stock\/","url":"https:\/\/gregoirmotorbikes.be\/fr\/motos\/motos-de-stock\/","name":"Motos de stock - Gregoir Motorbikes.","isPartOf":{"@id":"https:\/\/gregoirmotorbikes.be\/#website"},"primaryImageOfPage":{"@id":"https:\/\/gregoirmotorbikes.be\/fr\/motos\/motos-de-stock\/#primaryimage"},"image":{"@id":"https:\/\/gregoirmotorbikes.be\/fr\/motos\/motos-de-stock\/#primaryimage"},"thumbnailUrl":"https:\/\/gregoirmotorbikes-109ad.kxcdn.com\/wp-content\/uploads\/2020\/04\/foto-20-300x237.png","datePublished":"2019-01-18T08:54:10+00:00","dateModified":"2020-10-14T18:02:22+00:00","breadcrumb":{"@id":"https:\/\/gregoirmotorbikes.be\/fr\/motos\/motos-de-stock\/#breadcrumb"},"inLanguage":"fr-FR","potentialAction":[{"@type":"ReadAction","target":["https:\/\/gregoirmotorbikes.be\/fr\/motos\/motos-de-stock\/"]}]},{"@type":"ImageObject","inLanguage":"fr-FR","@id":"https:\/\/gregoirmotorbikes.be\/fr\/motos\/motos-de-stock\/#primaryimage","url":"https:\/\/gregoirmotorbikes-109ad.kxcdn.com\/wp-content\/uploads\/2020\/04\/foto-20-300x237.png","contentUrl":"https:\/\/gregoirmotorbikes-109ad.kxcdn.com\/wp-content\/uploads\/2020\/04\/foto-20-300x237.png"},{"@type":"BreadcrumbList","@id":"https:\/\/gregoirmotorbikes.be\/fr\/motos\/motos-de-stock\/#breadcrumb","itemListElement":[{"@type":"ListItem","position":1,"name":"Home","item":"https:\/\/gregoirmotorbikes.be\/fr\/"},{"@type":"ListItem","position":2,"name":"Motos","item":"https:\/\/gregoirmotorbikes.be\/fr\/motos\/"},{"@type":"ListItem","position":3,"name":"Motos de stock"}]},{"@type":"WebSite","@id":"https:\/\/gregoirmotorbikes.be\/#website","url":"https:\/\/gregoirmotorbikes.be\/","name":"Gregoir Motorbikes.","description":"","potentialAction":[{"@type":"SearchAction","target":{"@type":"EntryPoint","urlTemplate":"https:\/\/gregoirmotorbikes.be\/?s={search_term_string}"},"query-input":{"@type":"PropertyValueSpecification","valueRequired":true,"valueName":"search_term_string"}}],"inLanguage":"fr-FR"}]}},"_links":{"self":[{"href":"https:\/\/gregoirmotorbikes.be\/fr\/wp-json\/wp\/v2\/pages\/1228","targetHints":{"allow":["GET"]}}],"collection":[{"href":"https:\/\/gregoirmotorbikes.be\/fr\/wp-json\/wp\/v2\/pages"}],"about":[{"href":"https:\/\/gregoirmotorbikes.be\/fr\/wp-json\/wp\/v2\/types\/page"}],"author":[{"embeddable":true,"href":"https:\/\/gregoirmotorbikes.be\/fr\/wp-json\/wp\/v2\/users\/1"}],"replies":[{"embeddable":true,"href":"https:\/\/gregoirmotorbikes.be\/fr\/wp-json\/wp\/v2\/comments?post=1228"}],"version-history":[{"count":0,"href":"https:\/\/gregoirmotorbikes.be\/fr\/wp-json\/wp\/v2\/pages\/1228\/revisions"}],"up":[{"embeddable":true,"href":"https:\/\/gregoirmotorbikes.be\/fr\/wp-json\/wp\/v2\/pages\/1230"}],"wp:attachment":[{"href":"https:\/\/gregoirmotorbikes.be\/fr\/wp-json\/wp\/v2\/media?parent=1228"}],"curies":[{"name":"wp","href":"https:\/\/api.w.org\/{rel}","templated":true}]}}