{"id":1227,"date":"2024-04-09T09:46:54","date_gmt":"2024-04-09T07:46:54","guid":{"rendered":"https:\/\/gregoirmotorbikes.be\/equipement-accessoires\/"},"modified":"2024-04-11T13:44:07","modified_gmt":"2024-04-11T11:44:07","slug":"equipement-accessoires","status":"publish","type":"page","link":"https:\/\/gregoirmotorbikes.be\/fr\/equipement-accessoires\/","title":{"rendered":"Equipement &amp; accessoires"},"content":{"rendered":"\t\t<div data-elementor-type=\"wp-page\" data-elementor-id=\"1227\" class=\"elementor elementor-1227 elementor-25\" data-elementor-settings=\"{&quot;ha_cmc_init_switcher&quot;:&quot;no&quot;}\" data-elementor-post-type=\"page\">\n\t\t\t\t\t\t<section class=\"elementor-section elementor-top-section elementor-element elementor-element-42a5340 elementor-section-boxed elementor-section-height-default elementor-section-height-default\" data-id=\"42a5340\" data-element_type=\"section\" data-e-type=\"section\" data-settings=\"{&quot;_ha_eqh_enable&quot;:false}\">\n\t\t\t\t\t\t<div class=\"elementor-container elementor-column-gap-default\">\n\t\t\t\t\t<div class=\"elementor-column elementor-col-100 elementor-top-column elementor-element elementor-element-ae4d546\" data-id=\"ae4d546\" data-element_type=\"column\" data-e-type=\"column\">\n\t\t\t<div class=\"elementor-widget-wrap elementor-element-populated\">\n\t\t\t\t\t\t<div class=\"elementor-element elementor-element-f791ec3 black elementor-widget elementor-widget-heading\" data-id=\"f791ec3\" data-element_type=\"widget\" data-e-type=\"widget\" data-widget_type=\"heading.default\">\n\t\t\t\t\t<h2 class=\"elementor-heading-title elementor-size-default\">GEAR &amp; GARMENT COLLECTION.<\/h2>\t\t\t\t<\/div>\n\t\t\t\t<div class=\"elementor-element elementor-element-d34df11 elementor-widget-divider--view-line elementor-widget elementor-widget-divider\" data-id=\"d34df11\" data-element_type=\"widget\" data-e-type=\"widget\" data-widget_type=\"divider.default\">\n\t\t\t\t\t\t\t<div class=\"elementor-divider\">\n\t\t\t<span class=\"elementor-divider-separator\">\n\t\t\t\t\t\t<\/span>\n\t\t<\/div>\n\t\t\t\t\t\t<\/div>\n\t\t\t\t<div class=\"elementor-element elementor-element-63fab08 black elementor-widget elementor-widget-heading\" data-id=\"63fab08\" data-element_type=\"widget\" data-e-type=\"widget\" data-widget_type=\"heading.default\">\n\t\t\t\t\t<h2 class=\"elementor-heading-title elementor-size-default\">D\u00e9couvrez la nouvelle collection et trouvez votre tenue BMW Motorrad.<\/h2>\t\t\t\t<\/div>\n\t\t\t\t\t<\/div>\n\t\t<\/div>\n\t\t\t\t\t<\/div>\n\t\t<\/section>\n\t\t\t\t<section class=\"elementor-section elementor-top-section elementor-element elementor-element-0a97edf elementor-section-boxed elementor-section-height-default elementor-section-height-default\" data-id=\"0a97edf\" data-element_type=\"section\" data-e-type=\"section\" data-settings=\"{&quot;_ha_eqh_enable&quot;:false}\">\n\t\t\t\t\t\t<div class=\"elementor-container elementor-column-gap-default\">\n\t\t\t\t\t<div class=\"elementor-column elementor-col-50 elementor-top-column elementor-element elementor-element-23416a9\" data-id=\"23416a9\" data-element_type=\"column\" data-e-type=\"column\">\n\t\t\t<div class=\"elementor-widget-wrap elementor-element-populated\">\n\t\t\t\t\t\t<div class=\"elementor-element elementor-element-80d58d3 elementor-widget elementor-widget-heading\" data-id=\"80d58d3\" data-element_type=\"widget\" data-e-type=\"widget\" data-widget_type=\"heading.default\">\n\t\t\t\t\t<h2 class=\"elementor-heading-title elementor-size-default\">COLLECTIONS BMW MOTORRAD<\/h2>\t\t\t\t<\/div>\n\t\t\t\t<div class=\"elementor-element elementor-element-2dde2dd elementor-widget elementor-widget-heading\" data-id=\"2dde2dd\" data-element_type=\"widget\" data-e-type=\"widget\" data-widget_type=\"heading.default\">\n\t\t\t\t\t<h3 class=\"elementor-heading-title elementor-size-default\">PASSION FOR EVERY DAY<\/h3>\t\t\t\t<\/div>\n\t\t\t\t<div class=\"elementor-element elementor-element-13c82fe elementor-widget elementor-widget-text-editor\" data-id=\"13c82fe\" data-element_type=\"widget\" data-e-type=\"widget\" data-widget_type=\"text-editor.default\">\n\t\t\t\t\t\t\t\t\t<p>&#8220;Notre amour de la moto est sans limite. Et c\u2019est avec la m\u00eame volont\u00e9 de perfection que nous d\u00e9veloppons et fabriquons les v\u00eatements BMW Motorrad. Des v\u00eatements qui combinent mat\u00e9riaux fonctionnels et confort, qualit\u00e9 et design authentique. Des qualit\u00e9s dont vous profitez sur la route, mais aussi lorsque vous n\u2019\u00eates pas \u00e0 moto.&#8221;<\/p>\n<p>&nbsp;<\/p>\n<p style=\"text-align: right;\"><strong>BMW MOTORRAD<\/strong><\/p>\n\t\t\t\t\t\t\t\t<\/div>\n\t\t\t\t\t<\/div>\n\t\t<\/div>\n\t\t\t\t<div class=\"elementor-column elementor-col-50 elementor-top-column elementor-element elementor-element-387a582\" data-id=\"387a582\" data-element_type=\"column\" data-e-type=\"column\">\n\t\t\t<div class=\"elementor-widget-wrap elementor-element-populated\">\n\t\t\t\t\t\t<div class=\"elementor-element elementor-element-bce4dfc elementor-widget elementor-widget-global elementor-global-1243 elementor-global-540 elementor-widget-text-editor\" data-id=\"bce4dfc\" data-element_type=\"widget\" data-e-type=\"widget\" data-widget_type=\"text-editor.default\">\n\t\t\t\t\t\t\t\t\t<h4><strong>GREGOIR MOTORBIKES.<\/strong><\/h4><p>Laarbeeklaan 17<br \/>1090 Jette<br \/>Entr\u00e9e : Avenue de l&#8217;Exposition 317<\/p><p>T\u00e9l\u00e9phone: <span style=\"color: #0062ff;\"><a style=\"color: #0062ff;\" href=\"tel:+32%202%20669%2074%2074\">+ 32 2 669 74 74<\/a><\/span><br \/>Email: <span style=\"color: #0062ff;\"><a style=\"color: #0062ff;\" href=\"mailto:info.motorrad@gregoir.net.bmw.be\">info.motorrad@gregoir.net.bmw.be<\/a><\/span><\/p>\t\t\t\t\t\t\t\t<\/div>\n\t\t\t\t\t<\/div>\n\t\t<\/div>\n\t\t\t\t\t<\/div>\n\t\t<\/section>\n\t\t\t\t<section class=\"elementor-section elementor-top-section elementor-element elementor-element-a9e29d5 elementor-section-stretched elementor-section-boxed elementor-section-height-default elementor-section-height-default\" data-id=\"a9e29d5\" data-element_type=\"section\" data-e-type=\"section\" data-settings=\"{&quot;stretch_section&quot;:&quot;section-stretched&quot;,&quot;background_background&quot;:&quot;classic&quot;,&quot;_ha_eqh_enable&quot;:false}\">\n\t\t\t\t\t\t<div class=\"elementor-container elementor-column-gap-default\">\n\t\t\t\t\t<div class=\"elementor-column elementor-col-50 elementor-top-column elementor-element elementor-element-69483b4\" data-id=\"69483b4\" data-element_type=\"column\" data-e-type=\"column\">\n\t\t\t<div class=\"elementor-widget-wrap elementor-element-populated\">\n\t\t\t\t\t\t<div class=\"elementor-element elementor-element-6fcdb95 ride elementor-cta--skin-cover elementor-cta--valign-bottom elementor-bg-transform elementor-bg-transform-zoom-in ha-has-bg-overlay elementor-widget elementor-widget-call-to-action\" data-id=\"6fcdb95\" data-element_type=\"widget\" data-e-type=\"widget\" data-widget_type=\"call-to-action.default\">\n\t\t\t\t\t\t\t<a class=\"elementor-cta\" href=\"https:\/\/www.bmw-motorrad.be\/fr\/wear\/apparel.html\" target=\"_blank\">\n\t\t\t\t\t<div class=\"elementor-cta__bg-wrapper\">\n\t\t\t\t<div class=\"elementor-cta__bg elementor-bg\" style=\"background-image: url(https:\/\/gregoirmotorbikes-109ad.kxcdn.com\/wp-content\/uploads\/2024\/04\/P90533832_highRes_bmw-motorrad-clothing.jpg);\" role=\"img\" aria-label=\"BMW Gear and Garment\"><\/div>\n\t\t\t\t<div class=\"elementor-cta__bg-overlay\"><\/div>\n\t\t\t<\/div>\n\t\t\t\t\t\t\t<div class=\"elementor-cta__content\">\n\t\t\t\t\n\t\t\t\t\t\t\t\t\t<h2 class=\"elementor-cta__title elementor-cta__content-item elementor-content-item\">\n\t\t\t\t\t\tRide &amp; Style Finder\t\t\t\t\t<\/h2>\n\t\t\t\t\n\t\t\t\t\t\t\t\t\t<div class=\"elementor-cta__description elementor-cta__content-item elementor-content-item\">\n\t\t\t\t\t\t<p>_____________<\/p>\n\t\t\t\t\t<\/div>\n\t\t\t\t\n\t\t\t\t\t\t\t<\/div>\n\t\t\t\t\t\t<\/a>\n\t\t\t\t\t\t<\/div>\n\t\t\t\t\t<\/div>\n\t\t<\/div>\n\t\t\t\t<div class=\"elementor-column elementor-col-50 elementor-top-column elementor-element elementor-element-1d09f56\" data-id=\"1d09f56\" data-element_type=\"column\" data-e-type=\"column\">\n\t\t\t<div class=\"elementor-widget-wrap elementor-element-populated\">\n\t\t\t\t\t\t<div class=\"elementor-element elementor-element-5c38ce0 elementor-widget elementor-widget-heading\" data-id=\"5c38ce0\" data-element_type=\"widget\" data-e-type=\"widget\" data-widget_type=\"heading.default\">\n\t\t\t\t\t<h2 class=\"elementor-heading-title elementor-size-default\">V\u00caTEMENTS BMW MOTORRAD<\/h2>\t\t\t\t<\/div>\n\t\t\t\t<div class=\"elementor-element elementor-element-42b8f2d elementor-widget elementor-widget-text-editor\" data-id=\"42b8f2d\" data-element_type=\"widget\" data-e-type=\"widget\" data-widget_type=\"text-editor.default\">\n\t\t\t\t\t\t\t\t\t<p>S\u00e9curit\u00e9, innovation et qualit\u00e9, sur et \u00e0 c\u00f4t\u00e9 de la moto.<\/p>\t\t\t\t\t\t\t\t<\/div>\n\t\t\t\t\t<\/div>\n\t\t<\/div>\n\t\t\t\t\t<\/div>\n\t\t<\/section>\n\t\t\t\t<\/div>\n\t\t","protected":false},"excerpt":{"rendered":"<p>GEAR &amp; GARMENT COLLECTION. D\u00e9couvrez la nouvelle collection et trouvez votre tenue BMW Motorrad. COLLECTIONS BMW MOTORRAD PASSION FOR EVERY DAY &#8220;Notre amour de la moto est sans limite. Et c\u2019est avec la m\u00eame volont\u00e9 de perfection que nous d\u00e9veloppons et fabriquons les v\u00eatements BMW Motorrad. Des v\u00eatements qui combinent mat\u00e9riaux fonctionnels et confort, qualit\u00e9 [&hellip;]<\/p>\n","protected":false},"author":1,"featured_media":0,"parent":0,"menu_order":0,"comment_status":"closed","ping_status":"closed","template":"","meta":{"footnotes":""},"class_list":["post-1227","page","type-page","status-publish","hentry"],"yoast_head":"<!-- This site is optimized with the Yoast SEO plugin v27.6 - https:\/\/yoast.com\/product\/yoast-seo-wordpress\/ -->\n<title>Equipement &amp; accessoires - Gregoir Motorbikes.<\/title>\n<meta name=\"description\" content=\"Avec beaucoup d&#039;enthousiasme, nous d\u00e9veloppons, ann\u00e9e apr\u00e8s ann\u00e9e, les v\u00eatements parfaits pour BMW Motorrad. D\u00e9couvrez le design fonctionnel et authentique de BMW !\" \/>\n<meta name=\"robots\" content=\"index, follow, max-snippet:-1, max-image-preview:large, max-video-preview:-1\" \/>\n<link rel=\"canonical\" href=\"https:\/\/gregoirmotorbikes.be\/kledij-accessoires\/\" \/>\n<meta property=\"og:locale\" content=\"fr_FR\" \/>\n<meta property=\"og:type\" content=\"article\" \/>\n<meta property=\"og:title\" content=\"Equipement &amp; accessoires - Gregoir Motorbikes.\" \/>\n<meta property=\"og:description\" content=\"Avec beaucoup d&#039;enthousiasme, nous d\u00e9veloppons, ann\u00e9e apr\u00e8s ann\u00e9e, les v\u00eatements parfaits pour BMW Motorrad. D\u00e9couvrez le design fonctionnel et authentique de BMW !\" \/>\n<meta property=\"og:url\" content=\"https:\/\/gregoirmotorbikes.be\/kledij-accessoires\/\" \/>\n<meta property=\"og:site_name\" content=\"Gregoir Motorbikes.\" \/>\n<meta property=\"article:modified_time\" content=\"2024-04-11T11:44:07+00:00\" \/>\n<meta name=\"twitter:card\" content=\"summary_large_image\" \/>\n<meta name=\"twitter:label1\" content=\"Dur\u00e9e de lecture estim\u00e9e\" \/>\n\t<meta name=\"twitter:data1\" content=\"1 minute\" \/>\n<script type=\"application\/ld+json\" class=\"yoast-schema-graph\">{\"@context\":\"https:\\\/\\\/schema.org\",\"@graph\":[{\"@type\":\"WebPage\",\"@id\":\"https:\\\/\\\/gregoirmotorbikes.be\\\/kledij-accessoires\\\/\",\"url\":\"https:\\\/\\\/gregoirmotorbikes.be\\\/kledij-accessoires\\\/\",\"name\":\"Equipement &amp; accessoires - Gregoir Motorbikes.\",\"isPartOf\":{\"@id\":\"https:\\\/\\\/gregoirmotorbikes.be\\\/#website\"},\"datePublished\":\"2024-04-09T07:46:54+00:00\",\"dateModified\":\"2024-04-11T11:44:07+00:00\",\"description\":\"Avec beaucoup d'enthousiasme, nous d\u00e9veloppons, ann\u00e9e apr\u00e8s ann\u00e9e, les v\u00eatements parfaits pour BMW Motorrad. D\u00e9couvrez le design fonctionnel et authentique de BMW !\",\"breadcrumb\":{\"@id\":\"https:\\\/\\\/gregoirmotorbikes.be\\\/kledij-accessoires\\\/#breadcrumb\"},\"inLanguage\":\"fr-FR\",\"potentialAction\":[{\"@type\":\"ReadAction\",\"target\":[\"https:\\\/\\\/gregoirmotorbikes.be\\\/kledij-accessoires\\\/\"]}]},{\"@type\":\"BreadcrumbList\",\"@id\":\"https:\\\/\\\/gregoirmotorbikes.be\\\/kledij-accessoires\\\/#breadcrumb\",\"itemListElement\":[{\"@type\":\"ListItem\",\"position\":1,\"name\":\"Home\",\"item\":\"https:\\\/\\\/gregoirmotorbikes.be\\\/fr\\\/\"},{\"@type\":\"ListItem\",\"position\":2,\"name\":\"Equipement &amp; accessoires\"}]},{\"@type\":\"WebSite\",\"@id\":\"https:\\\/\\\/gregoirmotorbikes.be\\\/#website\",\"url\":\"https:\\\/\\\/gregoirmotorbikes.be\\\/\",\"name\":\"Gregoir Motorbikes.\",\"description\":\"\",\"potentialAction\":[{\"@type\":\"SearchAction\",\"target\":{\"@type\":\"EntryPoint\",\"urlTemplate\":\"https:\\\/\\\/gregoirmotorbikes.be\\\/?s={search_term_string}\"},\"query-input\":{\"@type\":\"PropertyValueSpecification\",\"valueRequired\":true,\"valueName\":\"search_term_string\"}}],\"inLanguage\":\"fr-FR\"}]}<\/script>\n<!-- \/ Yoast SEO plugin. -->","yoast_head_json":{"title":"Equipement &amp; accessoires - Gregoir Motorbikes.","description":"Avec beaucoup d'enthousiasme, nous d\u00e9veloppons, ann\u00e9e apr\u00e8s ann\u00e9e, les v\u00eatements parfaits pour BMW Motorrad. D\u00e9couvrez le design fonctionnel et authentique de BMW !","robots":{"index":"index","follow":"follow","max-snippet":"max-snippet:-1","max-image-preview":"max-image-preview:large","max-video-preview":"max-video-preview:-1"},"canonical":"https:\/\/gregoirmotorbikes.be\/kledij-accessoires\/","og_locale":"fr_FR","og_type":"article","og_title":"Equipement &amp; accessoires - Gregoir Motorbikes.","og_description":"Avec beaucoup d'enthousiasme, nous d\u00e9veloppons, ann\u00e9e apr\u00e8s ann\u00e9e, les v\u00eatements parfaits pour BMW Motorrad. D\u00e9couvrez le design fonctionnel et authentique de BMW !","og_url":"https:\/\/gregoirmotorbikes.be\/kledij-accessoires\/","og_site_name":"Gregoir Motorbikes.","article_modified_time":"2024-04-11T11:44:07+00:00","twitter_card":"summary_large_image","twitter_misc":{"Dur\u00e9e de lecture estim\u00e9e":"1 minute"},"schema":{"@context":"https:\/\/schema.org","@graph":[{"@type":"WebPage","@id":"https:\/\/gregoirmotorbikes.be\/kledij-accessoires\/","url":"https:\/\/gregoirmotorbikes.be\/kledij-accessoires\/","name":"Equipement &amp; accessoires - Gregoir Motorbikes.","isPartOf":{"@id":"https:\/\/gregoirmotorbikes.be\/#website"},"datePublished":"2024-04-09T07:46:54+00:00","dateModified":"2024-04-11T11:44:07+00:00","description":"Avec beaucoup d'enthousiasme, nous d\u00e9veloppons, ann\u00e9e apr\u00e8s ann\u00e9e, les v\u00eatements parfaits pour BMW Motorrad. D\u00e9couvrez le design fonctionnel et authentique de BMW !","breadcrumb":{"@id":"https:\/\/gregoirmotorbikes.be\/kledij-accessoires\/#breadcrumb"},"inLanguage":"fr-FR","potentialAction":[{"@type":"ReadAction","target":["https:\/\/gregoirmotorbikes.be\/kledij-accessoires\/"]}]},{"@type":"BreadcrumbList","@id":"https:\/\/gregoirmotorbikes.be\/kledij-accessoires\/#breadcrumb","itemListElement":[{"@type":"ListItem","position":1,"name":"Home","item":"https:\/\/gregoirmotorbikes.be\/fr\/"},{"@type":"ListItem","position":2,"name":"Equipement &amp; accessoires"}]},{"@type":"WebSite","@id":"https:\/\/gregoirmotorbikes.be\/#website","url":"https:\/\/gregoirmotorbikes.be\/","name":"Gregoir Motorbikes.","description":"","potentialAction":[{"@type":"SearchAction","target":{"@type":"EntryPoint","urlTemplate":"https:\/\/gregoirmotorbikes.be\/?s={search_term_string}"},"query-input":{"@type":"PropertyValueSpecification","valueRequired":true,"valueName":"search_term_string"}}],"inLanguage":"fr-FR"}]}},"_links":{"self":[{"href":"https:\/\/gregoirmotorbikes.be\/fr\/wp-json\/wp\/v2\/pages\/1227","targetHints":{"allow":["GET"]}}],"collection":[{"href":"https:\/\/gregoirmotorbikes.be\/fr\/wp-json\/wp\/v2\/pages"}],"about":[{"href":"https:\/\/gregoirmotorbikes.be\/fr\/wp-json\/wp\/v2\/types\/page"}],"author":[{"embeddable":true,"href":"https:\/\/gregoirmotorbikes.be\/fr\/wp-json\/wp\/v2\/users\/1"}],"replies":[{"embeddable":true,"href":"https:\/\/gregoirmotorbikes.be\/fr\/wp-json\/wp\/v2\/comments?post=1227"}],"version-history":[{"count":3,"href":"https:\/\/gregoirmotorbikes.be\/fr\/wp-json\/wp\/v2\/pages\/1227\/revisions"}],"predecessor-version":[{"id":9410,"href":"https:\/\/gregoirmotorbikes.be\/fr\/wp-json\/wp\/v2\/pages\/1227\/revisions\/9410"}],"wp:attachment":[{"href":"https:\/\/gregoirmotorbikes.be\/fr\/wp-json\/wp\/v2\/media?parent=1227"}],"curies":[{"name":"wp","href":"https:\/\/api.w.org\/{rel}","templated":true}]}}